{"id":404,"date":"2020-02-05T10:40:19","date_gmt":"2020-02-05T16:40:19","guid":{"rendered":"http:\/\/neruralhealth.flywheelsites.com\/?page_id=404"},"modified":"2022-09-28T11:43:25","modified_gmt":"2022-09-28T16:43:25","slug":"submit-your-story","status":"publish","type":"page","link":"https:\/\/iloveruralhealth.com\/es\/submit-your-story\/","title":{"rendered":"Env\u00ede su historia"},"content":{"rendered":"<div data-elementor-type=\"wp-page\" data-elementor-id=\"404\" class=\"elementor elementor-404\" data-elementor-post-type=\"page\">\n\t\t\t\t\t\t<section class=\"elementor-section elementor-top-section elementor-element elementor-element-ced6a8c elementor-section-boxed elementor-section-height-default elementor-section-height-default\" data-id=\"ced6a8c\" data-element_type=\"section\">\n\t\t\t\t\t\t<div class=\"elementor-container elementor-column-gap-default\">\n\t\t\t\t\t<div class=\"elementor-column elementor-col-100 elementor-top-column elementor-element elementor-element-8058100\" data-id=\"8058100\" data-element_type=\"column\">\n\t\t\t<div class=\"elementor-widget-wrap elementor-element-populated\">\n\t\t\t\t\t\t<div class=\"elementor-element elementor-element-dff78ae elementor-widget elementor-widget-heading\" data-id=\"dff78ae\" data-element_type=\"widget\" data-widget_type=\"heading.default\">\n\t\t\t\t<div class=\"elementor-widget-container\">\n\t\t\t\t\t<h4 class=\"elementor-heading-title elementor-size-default\">Se necesita <u>cada<\/u> aldea.<\/h4>\t\t\t\t<\/div>\n\t\t\t\t<\/div>\n\t\t\t\t<div class=\"elementor-element elementor-element-e253190 elementor-widget elementor-widget-text-editor\" data-id=\"e253190\" data-element_type=\"widget\" data-widget_type=\"text-editor.default\">\n\t\t\t\t<div class=\"elementor-widget-container\">\n\t\t\t\t\t\t\t\t\t<p><strong>Me encanta la salud rural<\/strong> es m\u00e1s que una campa\u00f1a sobre atenci\u00f3n m\u00e9dica en Nebraska. Es una celebraci\u00f3n de esperanza, crecimiento y soluciones innovadoras para problemas en continua evoluci\u00f3n. En su centro, <strong>Me encanta la salud rural<\/strong> es un movimiento para fortalecer las comunidades rurales de Nebraska.<\/p><p>M\u00e1s importante,<strong> Me encanta la salud rural<\/strong> es una conversaci\u00f3n con espacio para todos los habitantes de Nebraska, desde legisladores en Lincoln hasta enfermeras en el condado de Valley, ganaderos en Valentine y empresarios en Red Cloud. Entonces, \u00bfpor qu\u00e9 no unirse? Env\u00ede su historia a continuaci\u00f3n.<\/p>\t\t\t\t\t\t\t\t<\/div>\n\t\t\t\t<\/div>\n\t\t\t\t\t<\/div>\n\t\t<\/div>\n\t\t\t\t\t<\/div>\n\t\t<\/section>\n\t\t\t\t<section class=\"elementor-section elementor-top-section elementor-element elementor-element-70ea5bf elementor-section-boxed elementor-section-height-default elementor-section-height-default\" data-id=\"70ea5bf\" data-element_type=\"section\">\n\t\t\t\t\t\t<div class=\"elementor-container elementor-column-gap-default\">\n\t\t\t\t\t<div class=\"elementor-column elementor-col-100 elementor-top-column elementor-element elementor-element-b901dd8\" data-id=\"b901dd8\" data-element_type=\"column\">\n\t\t\t<div class=\"elementor-widget-wrap elementor-element-populated\">\n\t\t\t\t\t\t<div class=\"elementor-element elementor-element-9be7b4a elementor-button-align-center elementor-widget elementor-widget-form\" data-id=\"9be7b4a\" data-element_type=\"widget\" data-settings=\"{&quot;step_next_label&quot;:&quot;Next&quot;,&quot;step_previous_label&quot;:&quot;Previous&quot;,&quot;button_width&quot;:&quot;100&quot;,&quot;step_type&quot;:&quot;number_text&quot;,&quot;step_icon_shape&quot;:&quot;circle&quot;}\" data-widget_type=\"form.default\">\n\t\t\t\t<div class=\"elementor-widget-container\">\n\t\t\t\t\t\t\t<form class=\"elementor-form\" method=\"post\" name=\"New Form\" aria-label=\"Nueva forma\" action=\"\">\n\t\t\t<input type=\"hidden\" name=\"post_id\" value=\"404\"\/>\n\t\t\t<input type=\"hidden\" name=\"form_id\" value=\"9be7b4a\"\/>\n\t\t\t<input type=\"hidden\" name=\"referer_title\" value=\"Submit Your Story - Nebraska Rural Health Campaign\" \/>\n\n\t\t\t\t\t\t\t<input type=\"hidden\" name=\"queried_id\" value=\"404\"\/>\n\t\t\t\n\t\t\t<div class=\"elementor-form-fields-wrapper elementor-labels-\">\n\t\t\t\t\t\t\t\t<div class=\"elementor-field-type-textarea elementor-field-group elementor-column elementor-field-group-field_2 elementor-col-100 elementor-field-required\">\n\t\t\t\t\t\t\t\t\t\t\t\t<label for=\"form-field-field_2\" class=\"elementor-field-label elementor-screen-only\">\n\t\t\t\t\t\t\t\tComparte tu historia\t\t\t\t\t\t\t<\/label>\n\t\t\t\t\t\t<textarea class=\"elementor-field-textual elementor-field  elementor-size-lg\" name=\"form_fields[field_2]\" id=\"form-field-field_2\" rows=\"6\" placeholder=\"Comparte tu historia\" required=\"required\"><\/textarea>\t\t\t\t<\/div>\n\t\t\t\t\t\t\t\t<div class=\"elementor-field-type-upload elementor-field-group elementor-column elementor-field-group-field_1 elementor-col-100\">\n\t\t\t\t\t\t\t\t\t\t\t\t<label for=\"form-field-field_1\" class=\"elementor-field-label elementor-screen-only\">\n\t\t\t\t\t\t\t\tAgregar fotos \/ videos\t\t\t\t\t\t\t<\/label>\n\t\t\t\t\t\t\t\t<input type=\"file\" name=\"form_fields[field_1][]\" id=\"form-field-field_1\" class=\"elementor-field elementor-size-lg  elementor-upload-field\" multiple=\"multiple\" data-maxsize=\"300\" data-maxsize-message=\"\u1024\u1016\u102d\u102f\u1004\u103a\u101e\u100a\u103a \u1001\u103d\u1004\u1037\u103a\u1015\u103c\u102f\u1011\u102c\u1038\u101e\u1031\u102c \u1021\u1019\u103b\u102c\u1038\u1006\u102f\u1036\u1038\u1021\u101b\u103d\u101a\u103a\u1021\u1005\u102c\u1038\u1011\u1000\u103a \u1000\u103b\u1031\u102c\u103a\u101c\u103d\u1014\u103a\u1014\u1031\u1015\u102b\u101e\u100a\u103a\u104b\" data-no-translation-data-maxsize-message=\"\">\n\n\t\t\t\t\t\t<\/div>\n\t\t\t\t\t\t\t\t<div class=\"elementor-field-type-text elementor-field-group elementor-column elementor-field-group-name elementor-col-50 elementor-field-required\">\n\t\t\t\t\t\t\t\t\t\t\t\t<label for=\"form-field-name\" class=\"elementor-field-label elementor-screen-only\">\n\t\t\t\t\t\t\t\tNombre\t\t\t\t\t\t\t<\/label>\n\t\t\t\t\t\t\t\t\t\t\t\t\t\t<input size=\"1\" type=\"text\" name=\"form_fields[name]\" id=\"form-field-name\" class=\"elementor-field elementor-size-lg  elementor-field-textual\" placeholder=\"Nombre\" required=\"required\">\n\t\t\t\t\t\t\t\t\t\t\t<\/div>\n\t\t\t\t\t\t\t\t<div class=\"elementor-field-type-email elementor-field-group elementor-column elementor-field-group-email elementor-col-50 elementor-field-required\">\n\t\t\t\t\t\t\t\t\t\t\t\t<label for=\"form-field-email\" class=\"elementor-field-label elementor-screen-only\">\n\t\t\t\t\t\t\t\tCorreo electr\u00f3nico\t\t\t\t\t\t\t<\/label>\n\t\t\t\t\t\t\t\t\t\t\t\t\t\t<input size=\"1\" type=\"email\" name=\"form_fields[email]\" id=\"form-field-email\" class=\"elementor-field elementor-size-lg  elementor-field-textual\" placeholder=\"Correo electr\u00f3nico\" required=\"required\">\n\t\t\t\t\t\t\t\t\t\t\t<\/div>\n\t\t\t\t\t\t\t\t<div class=\"elementor-field-type-text elementor-field-group elementor-column elementor-field-group-field_3 elementor-col-50 elementor-field-required\">\n\t\t\t\t\t\t\t\t\t\t\t\t<label for=\"form-field-field_3\" class=\"elementor-field-label elementor-screen-only\">\n\t\t\t\t\t\t\t\tCiudad\t\t\t\t\t\t\t<\/label>\n\t\t\t\t\t\t\t\t\t\t\t\t\t\t<input size=\"1\" type=\"text\" name=\"form_fields[field_3]\" id=\"form-field-field_3\" class=\"elementor-field elementor-size-lg  elementor-field-textual\" placeholder=\"Ciudad\" required=\"required\">\n\t\t\t\t\t\t\t\t\t\t\t<\/div>\n\t\t\t\t\t\t\t\t<div class=\"elementor-field-type-text elementor-field-group elementor-column elementor-field-group-field_4 elementor-col-50 elementor-field-required\">\n\t\t\t\t\t\t\t\t\t\t\t\t<label for=\"form-field-field_4\" class=\"elementor-field-label elementor-screen-only\">\n\t\t\t\t\t\t\t\tCremallera\t\t\t\t\t\t\t<\/label>\n\t\t\t\t\t\t\t\t\t\t\t\t\t\t<input size=\"1\" type=\"text\" name=\"form_fields[field_4]\" id=\"form-field-field_4\" class=\"elementor-field elementor-size-lg  elementor-field-textual\" placeholder=\"Cremallera\" required=\"required\">\n\t\t\t\t\t\t\t\t\t\t\t<\/div>\n\t\t\t\t\t\t\t\t<div class=\"elementor-field-group elementor-column elementor-field-type-submit elementor-col-100 e-form__buttons\">\n\t\t\t\t\t<button class=\"elementor-button elementor-size-md\" type=\"submit\">\n\t\t\t\t\t\t<span class=\"elementor-button-content-wrapper\">\n\t\t\t\t\t\t\t\t\t\t\t\t\t\t\t\t\t\t\t\t\t\t<span class=\"elementor-button-text\">Enviar<\/span>\n\t\t\t\t\t\t\t\t\t\t\t\t\t<\/span>\n\t\t\t\t\t<\/button>\n\t\t\t\t<\/div>\n\t\t\t<\/div>\n\t\t<input type=\"hidden\" name=\"trp-form-language\" value=\"es\"\/><\/form>\n\t\t\t\t\t\t<\/div>\n\t\t\t\t<\/div>\n\t\t\t\t\t<\/div>\n\t\t<\/div>\n\t\t\t\t\t<\/div>\n\t\t<\/section>\n\t\t\t\t<\/div>","protected":false},"excerpt":{"rendered":"<p>Se necesitan todos los pueblos. I Love Rural Health es m\u00e1s que una campa\u00f1a sobre atenci\u00f3n m\u00e9dica en Nebraska. Es una celebraci\u00f3n de la esperanza, el crecimiento y las soluciones innovadoras a problemas en continua evoluci\u00f3n. En esencia, I Love Rural Health es un movimiento para fortalecer las comunidades rurales de Nebraska. Lo m\u00e1s importante es que I Love Rural Health es una conversaci\u00f3n [\u2026]<\/p>","protected":false},"author":1,"featured_media":50,"parent":0,"menu_order":0,"comment_status":"closed","ping_status":"closed","template":"","meta":{"_acf_changed":false,"inline_featured_image":false,"_exactmetrics_skip_tracking":false,"_exactmetrics_sitenote_active":false,"_exactmetrics_sitenote_note":"","_exactmetrics_sitenote_category":0,"footnotes":""},"class_list":["post-404","page","type-page","status-publish","has-post-thumbnail","hentry"],"acf":[],"yoast_head":"<!-- This site is optimized with the Yoast SEO plugin v25.7 - https:\/\/yoast.com\/wordpress\/plugins\/seo\/ -->\n<title>Submit Your Story - Nebraska Rural Health Campaign<\/title>\n<meta name=\"robots\" content=\"index, follow, max-snippet:-1, max-image-preview:large, max-video-preview:-1\" \/>\n<link rel=\"canonical\" href=\"https:\/\/iloveruralhealth.com\/es\/submit-your-story\/\" \/>\n<meta property=\"og:locale\" content=\"es_MX\" \/>\n<meta property=\"og:type\" content=\"article\" \/>\n<meta property=\"og:title\" content=\"Submit Your Story - Nebraska Rural Health Campaign\" \/>\n<meta property=\"og:description\" content=\"It takes every village. I Love Rural Health is more than a campaign about medical care in Nebraska. It\u2019s a celebration of hope, growth and innovative solutions to continuously evolving problems. At its core, I Love Rural Health is a movement to strengthen rural Nebraska communities. Most importantly, I Love Rural Health is a conversation [&hellip;]\" \/>\n<meta property=\"og:url\" content=\"https:\/\/iloveruralhealth.com\/es\/submit-your-story\/\" \/>\n<meta property=\"og:site_name\" content=\"Nebraska Rural Health Campaign\" \/>\n<meta property=\"article:modified_time\" content=\"2022-09-28T16:43:25+00:00\" \/>\n<meta property=\"og:image\" content=\"https:\/\/iloveruralhealth.com\/wp-content\/uploads\/2019\/10\/wheat.jpg\" \/>\n\t<meta property=\"og:image:width\" content=\"1900\" \/>\n\t<meta property=\"og:image:height\" content=\"1000\" \/>\n\t<meta property=\"og:image:type\" content=\"image\/jpeg\" \/>\n<meta name=\"twitter:card\" content=\"summary_large_image\" \/>\n<meta name=\"twitter:label1\" content=\"Tiempo de lectura\" \/>\n\t<meta name=\"twitter:data1\" content=\"1 minuto\" \/>\n<script type=\"application\/ld+json\" class=\"yoast-schema-graph\">{\"@context\":\"https:\/\/schema.org\",\"@graph\":[{\"@type\":\"WebPage\",\"@id\":\"https:\/\/iloveruralhealth.com\/submit-your-story\/\",\"url\":\"https:\/\/iloveruralhealth.com\/submit-your-story\/\",\"name\":\"Submit Your Story - Nebraska Rural Health Campaign\",\"isPartOf\":{\"@id\":\"https:\/\/iloveruralhealth.com\/#website\"},\"primaryImageOfPage\":{\"@id\":\"https:\/\/iloveruralhealth.com\/submit-your-story\/#primaryimage\"},\"image\":{\"@id\":\"https:\/\/iloveruralhealth.com\/submit-your-story\/#primaryimage\"},\"thumbnailUrl\":\"https:\/\/iloveruralhealth.com\/wp-content\/uploads\/2019\/10\/wheat.jpg\",\"datePublished\":\"2020-02-05T16:40:19+00:00\",\"dateModified\":\"2022-09-28T16:43:25+00:00\",\"breadcrumb\":{\"@id\":\"https:\/\/iloveruralhealth.com\/submit-your-story\/#breadcrumb\"},\"inLanguage\":\"es-MX\",\"potentialAction\":[{\"@type\":\"ReadAction\",\"target\":[\"https:\/\/iloveruralhealth.com\/submit-your-story\/\"]}]},{\"@type\":\"ImageObject\",\"inLanguage\":\"es-MX\",\"@id\":\"https:\/\/iloveruralhealth.com\/submit-your-story\/#primaryimage\",\"url\":\"https:\/\/iloveruralhealth.com\/wp-content\/uploads\/2019\/10\/wheat.jpg\",\"contentUrl\":\"https:\/\/iloveruralhealth.com\/wp-content\/uploads\/2019\/10\/wheat.jpg\",\"width\":1900,\"height\":1000},{\"@type\":\"BreadcrumbList\",\"@id\":\"https:\/\/iloveruralhealth.com\/submit-your-story\/#breadcrumb\",\"itemListElement\":[{\"@type\":\"ListItem\",\"position\":1,\"name\":\"Home\",\"item\":\"https:\/\/iloveruralhealth.com\/\"},{\"@type\":\"ListItem\",\"position\":2,\"name\":\"Submit Your Story\"}]},{\"@type\":\"WebSite\",\"@id\":\"https:\/\/iloveruralhealth.com\/#website\",\"url\":\"https:\/\/iloveruralhealth.com\/\",\"name\":\"Nebraska Rural Health Campaign\",\"description\":\"\",\"publisher\":{\"@id\":\"https:\/\/iloveruralhealth.com\/#organization\"},\"potentialAction\":[{\"@type\":\"SearchAction\",\"target\":{\"@type\":\"EntryPoint\",\"urlTemplate\":\"https:\/\/iloveruralhealth.com\/?s={search_term_string}\"},\"query-input\":{\"@type\":\"PropertyValueSpecification\",\"valueRequired\":true,\"valueName\":\"search_term_string\"}}],\"inLanguage\":\"es-MX\"},{\"@type\":\"Organization\",\"@id\":\"https:\/\/iloveruralhealth.com\/#organization\",\"name\":\"Nebraska Rural Health Campaign\",\"url\":\"https:\/\/iloveruralhealth.com\/\",\"logo\":{\"@type\":\"ImageObject\",\"inLanguage\":\"es-MX\",\"@id\":\"https:\/\/iloveruralhealth.com\/#\/schema\/logo\/image\/\",\"url\":\"https:\/\/iloveruralhealth.com\/wp-content\/uploads\/2019\/10\/regular-logo.png\",\"contentUrl\":\"https:\/\/iloveruralhealth.com\/wp-content\/uploads\/2019\/10\/regular-logo.png\",\"width\":588,\"height\":332,\"caption\":\"Nebraska Rural Health Campaign\"},\"image\":{\"@id\":\"https:\/\/iloveruralhealth.com\/#\/schema\/logo\/image\/\"}}]}<\/script>\n<!-- \/ Yoast SEO plugin. -->","yoast_head_json":{"title":"Env\u00ede su historia - Campa\u00f1a de salud rural de Nebraska","robots":{"index":"index","follow":"follow","max-snippet":"max-snippet:-1","max-image-preview":"max-image-preview:large","max-video-preview":"max-video-preview:-1"},"canonical":"https:\/\/iloveruralhealth.com\/es\/submit-your-story\/","og_locale":"es_MX","og_type":"article","og_title":"Submit Your Story - Nebraska Rural Health Campaign","og_description":"It takes every village. I Love Rural Health is more than a campaign about medical care in Nebraska. It\u2019s a celebration of hope, growth and innovative solutions to continuously evolving problems. At its core, I Love Rural Health is a movement to strengthen rural Nebraska communities. Most importantly, I Love Rural Health is a conversation [&hellip;]","og_url":"https:\/\/iloveruralhealth.com\/es\/submit-your-story\/","og_site_name":"Nebraska Rural Health Campaign","article_modified_time":"2022-09-28T16:43:25+00:00","og_image":[{"width":1900,"height":1000,"url":"https:\/\/iloveruralhealth.com\/wp-content\/uploads\/2019\/10\/wheat.jpg","type":"image\/jpeg"}],"twitter_card":"summary_large_image","twitter_misc":{"Tiempo de lectura":"1 minuto"},"schema":{"@context":"https:\/\/schema.org","@graph":[{"@type":"WebPage","@id":"https:\/\/iloveruralhealth.com\/submit-your-story\/","url":"https:\/\/iloveruralhealth.com\/submit-your-story\/","name":"Env\u00ede su historia - Campa\u00f1a de salud rural de Nebraska","isPartOf":{"@id":"https:\/\/iloveruralhealth.com\/#website"},"primaryImageOfPage":{"@id":"https:\/\/iloveruralhealth.com\/submit-your-story\/#primaryimage"},"image":{"@id":"https:\/\/iloveruralhealth.com\/submit-your-story\/#primaryimage"},"thumbnailUrl":"https:\/\/iloveruralhealth.com\/wp-content\/uploads\/2019\/10\/wheat.jpg","datePublished":"2020-02-05T16:40:19+00:00","dateModified":"2022-09-28T16:43:25+00:00","breadcrumb":{"@id":"https:\/\/iloveruralhealth.com\/submit-your-story\/#breadcrumb"},"inLanguage":"es-MX","potentialAction":[{"@type":"ReadAction","target":["https:\/\/iloveruralhealth.com\/submit-your-story\/"]}]},{"@type":"ImageObject","inLanguage":"es-MX","@id":"https:\/\/iloveruralhealth.com\/submit-your-story\/#primaryimage","url":"https:\/\/iloveruralhealth.com\/wp-content\/uploads\/2019\/10\/wheat.jpg","contentUrl":"https:\/\/iloveruralhealth.com\/wp-content\/uploads\/2019\/10\/wheat.jpg","width":1900,"height":1000},{"@type":"BreadcrumbList","@id":"https:\/\/iloveruralhealth.com\/submit-your-story\/#breadcrumb","itemListElement":[{"@type":"ListItem","position":1,"name":"Home","item":"https:\/\/iloveruralhealth.com\/"},{"@type":"ListItem","position":2,"name":"Submit Your Story"}]},{"@type":"WebSite","@id":"https:\/\/iloveruralhealth.com\/#website","url":"https:\/\/iloveruralhealth.com\/","name":"Campa\u00f1a de salud rural de Nebraska","description":"","publisher":{"@id":"https:\/\/iloveruralhealth.com\/#organization"},"potentialAction":[{"@type":"SearchAction","target":{"@type":"EntryPoint","urlTemplate":"https:\/\/iloveruralhealth.com\/?s={search_term_string}"},"query-input":{"@type":"PropertyValueSpecification","valueRequired":true,"valueName":"search_term_string"}}],"inLanguage":"es-MX"},{"@type":"Organization","@id":"https:\/\/iloveruralhealth.com\/#organization","name":"Campa\u00f1a de salud rural de Nebraska","url":"https:\/\/iloveruralhealth.com\/","logo":{"@type":"ImageObject","inLanguage":"es-MX","@id":"https:\/\/iloveruralhealth.com\/#\/schema\/logo\/image\/","url":"https:\/\/iloveruralhealth.com\/wp-content\/uploads\/2019\/10\/regular-logo.png","contentUrl":"https:\/\/iloveruralhealth.com\/wp-content\/uploads\/2019\/10\/regular-logo.png","width":588,"height":332,"caption":"Nebraska Rural Health Campaign"},"image":{"@id":"https:\/\/iloveruralhealth.com\/#\/schema\/logo\/image\/"}}]}},"_links":{"self":[{"href":"https:\/\/iloveruralhealth.com\/es\/wp-json\/wp\/v2\/pages\/404","targetHints":{"allow":["GET"]}}],"collection":[{"href":"https:\/\/iloveruralhealth.com\/es\/wp-json\/wp\/v2\/pages"}],"about":[{"href":"https:\/\/iloveruralhealth.com\/es\/wp-json\/wp\/v2\/types\/page"}],"author":[{"embeddable":true,"href":"https:\/\/iloveruralhealth.com\/es\/wp-json\/wp\/v2\/users\/1"}],"replies":[{"embeddable":true,"href":"https:\/\/iloveruralhealth.com\/es\/wp-json\/wp\/v2\/comments?post=404"}],"version-history":[{"count":0,"href":"https:\/\/iloveruralhealth.com\/es\/wp-json\/wp\/v2\/pages\/404\/revisions"}],"wp:featuredmedia":[{"embeddable":true,"href":"https:\/\/iloveruralhealth.com\/es\/wp-json\/wp\/v2\/media\/50"}],"wp:attachment":[{"href":"https:\/\/iloveruralhealth.com\/es\/wp-json\/wp\/v2\/media?parent=404"}],"curies":[{"name":"gracias","href":"https:\/\/api.w.org\/{rel}","templated":true}]}}