{"id":291,"date":"2020-01-20T13:34:53","date_gmt":"2020-01-20T19:34:53","guid":{"rendered":"http:\/\/neruralhealth.flywheelsites.com\/?page_id=291"},"modified":"2022-09-29T16:26:02","modified_gmt":"2022-09-29T21:26:02","slug":"economic-development","status":"publish","type":"page","link":"https:\/\/iloveruralhealth.com\/es\/today\/economic-development\/","title":{"rendered":"Salud Rural y Econom\u00eda"},"content":{"rendered":"<div data-elementor-type=\"wp-page\" data-elementor-id=\"291\" class=\"elementor elementor-291\" data-elementor-post-type=\"page\">\n\t\t\t\t\t\t<section class=\"elementor-section elementor-top-section elementor-element elementor-element-ced6a8c elementor-section-boxed elementor-section-height-default elementor-section-height-default\" data-id=\"ced6a8c\" data-element_type=\"section\">\n\t\t\t\t\t\t<div class=\"elementor-container elementor-column-gap-default\">\n\t\t\t\t\t<div class=\"elementor-column elementor-col-100 elementor-top-column elementor-element elementor-element-8058100\" data-id=\"8058100\" data-element_type=\"column\">\n\t\t\t<div class=\"elementor-widget-wrap elementor-element-populated\">\n\t\t\t\t\t\t<div class=\"elementor-element elementor-element-dff78ae elementor-widget elementor-widget-heading\" data-id=\"dff78ae\" data-element_type=\"widget\" data-widget_type=\"heading.default\">\n\t\t\t\t<div class=\"elementor-widget-container\">\n\t\t\t\t\t<h4 class=\"elementor-heading-title elementor-size-default\">Salud rural hoy<\/h4>\t\t\t\t<\/div>\n\t\t\t\t<\/div>\n\t\t\t\t<div class=\"elementor-element elementor-element-e5613b7 elementor-widget elementor-widget-heading\" data-id=\"e5613b7\" data-element_type=\"widget\" data-widget_type=\"heading.default\">\n\t\t\t\t<div class=\"elementor-widget-container\">\n\t\t\t\t\t<h2 class=\"elementor-heading-title elementor-size-default\">Desarrollo economico<\/h2>\t\t\t\t<\/div>\n\t\t\t\t<\/div>\n\t\t\t\t<div class=\"elementor-element elementor-element-ef1df61 elementor-widget elementor-widget-text-editor\" data-id=\"ef1df61\" data-element_type=\"widget\" data-widget_type=\"text-editor.default\">\n\t\t\t\t<div class=\"elementor-widget-container\">\n\t\t\t\t\t\t\t\t\t<p><span style=\"font-weight: 400;\">En las comunidades rurales, la atenci\u00f3n m\u00e9dica y la vitalidad general de la comunidad est\u00e1n intr\u00ednsecamente vinculadas. Una comunidad s\u00f3lida apoya y mantiene servicios de salud de calidad para sus residentes atrayendo a profesionales de la salud altamente capacitados y comprometidos. Es m\u00e1s probable que las comunidades con econom\u00edas s\u00f3lidas respalden financieramente su sistema de atenci\u00f3n m\u00e9dica a trav\u00e9s de tasas m\u00e1s altas de cobertura de seguro m\u00e9dico, donaciones filantr\u00f3picas e inversiones en infraestructura que pueda aprovechar el sistema de atenci\u00f3n m\u00e9dica. A cambio, un sistema de salud de alta calidad puede apoyar iniciativas de desarrollo econ\u00f3mico y comunitario.<\/span><\/p><ul>\n<\/ul>\t\t\t\t\t\t\t\t<\/div>\n\t\t\t\t<\/div>\n\t\t\t\t<section class=\"elementor-section elementor-inner-section elementor-element elementor-element-aa725c2 elementor-section-boxed elementor-section-height-default elementor-section-height-default\" data-id=\"aa725c2\" data-element_type=\"section\" data-settings=\"{&quot;background_background&quot;:&quot;classic&quot;}\">\n\t\t\t\t\t\t<div class=\"elementor-container elementor-column-gap-default\">\n\t\t\t\t\t<div class=\"elementor-column elementor-col-100 elementor-inner-column elementor-element elementor-element-a7c5e3e\" data-id=\"a7c5e3e\" data-element_type=\"column\" data-settings=\"{&quot;background_background&quot;:&quot;classic&quot;}\">\n\t\t\t<div class=\"elementor-widget-wrap elementor-element-populated\">\n\t\t\t\t\t\t<div class=\"elementor-element elementor-element-f944b45 elementor-widget elementor-widget-text-editor\" data-id=\"f944b45\" data-element_type=\"widget\" data-widget_type=\"text-editor.default\">\n\t\t\t\t<div class=\"elementor-widget-container\">\n\t\t\t\t\t\t\t\t\t<p>Los hospitales rurales a menudo sirven como el empleador m\u00e1s grande de una comunidad, ofreciendo algunos de los trabajos mejor pagados y atrayendo a profesionales para vivir e invertir en el \u00e1rea.<\/p><p>Un estudio de 2016 realizado por el Centro Nacional de Trabajos de Salud Rural estima que un proveedor de atenci\u00f3n primaria rural puede <b>generar m\u00e1s de $1.4 millones<\/b> en sueldos, salarios y prestaciones, mientras que suman 26,3 puestos de trabajo en promedio a trav\u00e9s de un hospital.\u00a0<\/p><p><span style=\"color: var( --e-global-color-text ); font-family: var( --e-global-typography-text-font-family ), Sans-serif;\">El mismo informe indica que, en promedio, cada puesto de trabajo generado por un hospital de acceso cr\u00edtico <b>crea .34 puestos de trabajo adicionales<\/b> dentro de otros negocios e industrias dentro de la econom\u00eda local. Los hospitales de acceso cr\u00edtico tambi\u00e9n generan un promedio de $1.8 millones en ventas minoristas sujetas a impuestos en una comunidad rural.\u00a0<\/span><\/p><p>Un estudio de 2017 realizado por el Departamento de Agricultura de EE. UU. encontr\u00f3 que los centros de atenci\u00f3n m\u00e9dica para pacientes hospitalizados eran responsables de 1,25 millones de puestos de trabajo, o <b>8.5% de todo el empleo <\/b>en comunidades rurales en 2011.<\/p><div>\u00a0<\/div><div><div><b>Fuentes:\u00a0<\/b><\/div><div><a href=\"https:\/\/ruralhealthworks.org\/wp-content\/uploads\/2018\/04\/CAH-Study-FINAL-101116.pdf\">https:\/\/ruralhealthworks.org\/wp-content\/uploads\/2018\/04\/CAH-Study-FINAL-101116.pdf<\/a><\/div><div><a href=\"https:\/\/www.ers.usda.gov\/webdocs\/publications\/86254\/err-241.pdf\">https:\/\/www.ers.usda.gov\/webdocs\/publications\/86254\/err-241.pdf\u00a0<\/a><\/div><\/div>\t\t\t\t\t\t\t\t<\/div>\n\t\t\t\t<\/div>\n\t\t\t\t\t<\/div>\n\t\t<\/div>\n\t\t\t\t\t<\/div>\n\t\t<\/section>\n\t\t\t\t\t<\/div>\n\t\t<\/div>\n\t\t\t\t\t<\/div>\n\t\t<\/section>\n\t\t\t\t<\/div>","protected":false},"excerpt":{"rendered":"<p>La salud rural hoy Desarrollo econ\u00f3mico En las comunidades rurales, la atenci\u00f3n de salud y la vitalidad general de la comunidad est\u00e1n intr\u00ednsecamente vinculadas. Una comunidad s\u00f3lida apoya y sostiene servicios de salud de calidad para sus residentes atrayendo profesionales de la salud altamente capacitados y comprometidos. Es m\u00e1s probable que las comunidades con econom\u00edas fuertes apoyen financieramente su atenci\u00f3n m\u00e9dica [\u2026]<\/p>","protected":false},"author":1,"featured_media":385,"parent":164,"menu_order":0,"comment_status":"closed","ping_status":"closed","template":"","meta":{"_acf_changed":false,"inline_featured_image":false,"_exactmetrics_skip_tracking":false,"_exactmetrics_sitenote_active":false,"_exactmetrics_sitenote_note":"","_exactmetrics_sitenote_category":0,"footnotes":""},"class_list":["post-291","page","type-page","status-publish","has-post-thumbnail","hentry"],"acf":[],"yoast_head":"<!-- This site is optimized with the Yoast SEO plugin v25.7 - https:\/\/yoast.com\/wordpress\/plugins\/seo\/ -->\n<title>Rural Health and the Economy - Nebraska Rural Health Campaign<\/title>\n<meta name=\"robots\" content=\"index, follow, max-snippet:-1, max-image-preview:large, max-video-preview:-1\" \/>\n<link rel=\"canonical\" href=\"https:\/\/iloveruralhealth.com\/es\/today\/economic-development\/\" \/>\n<meta property=\"og:locale\" content=\"es_MX\" \/>\n<meta property=\"og:type\" content=\"article\" \/>\n<meta property=\"og:title\" content=\"Rural Health and the Economy - Nebraska Rural Health Campaign\" \/>\n<meta property=\"og:description\" content=\"Rural Health Today Economic Development In rural communities, health care and the overall vitality of the community is intrinsically linked. A robust community supports and sustains quality health services for its residents by attracting highly trained and committed health care professionals. Communities with strong economies may be more likely to financially support their health care [&hellip;]\" \/>\n<meta property=\"og:url\" content=\"https:\/\/iloveruralhealth.com\/es\/today\/economic-development\/\" \/>\n<meta property=\"og:site_name\" content=\"Nebraska Rural Health Campaign\" \/>\n<meta property=\"article:modified_time\" content=\"2022-09-29T21:26:02+00:00\" \/>\n<meta property=\"og:image\" content=\"https:\/\/iloveruralhealth.com\/wp-content\/uploads\/2020\/01\/healthcare-4.jpg\" \/>\n\t<meta property=\"og:image:width\" content=\"1900\" \/>\n\t<meta property=\"og:image:height\" content=\"1000\" \/>\n\t<meta property=\"og:image:type\" content=\"image\/jpeg\" \/>\n<meta name=\"twitter:card\" content=\"summary_large_image\" \/>\n<meta name=\"twitter:label1\" content=\"Tiempo de lectura\" \/>\n\t<meta name=\"twitter:data1\" content=\"2 minutos\" \/>\n<script type=\"application\/ld+json\" class=\"yoast-schema-graph\">{\"@context\":\"https:\/\/schema.org\",\"@graph\":[{\"@type\":\"WebPage\",\"@id\":\"https:\/\/iloveruralhealth.com\/today\/economic-development\/\",\"url\":\"https:\/\/iloveruralhealth.com\/today\/economic-development\/\",\"name\":\"Rural Health and the Economy - Nebraska Rural Health Campaign\",\"isPartOf\":{\"@id\":\"https:\/\/iloveruralhealth.com\/#website\"},\"primaryImageOfPage\":{\"@id\":\"https:\/\/iloveruralhealth.com\/today\/economic-development\/#primaryimage\"},\"image\":{\"@id\":\"https:\/\/iloveruralhealth.com\/today\/economic-development\/#primaryimage\"},\"thumbnailUrl\":\"https:\/\/iloveruralhealth.com\/wp-content\/uploads\/2020\/01\/healthcare-4.jpg\",\"datePublished\":\"2020-01-20T19:34:53+00:00\",\"dateModified\":\"2022-09-29T21:26:02+00:00\",\"breadcrumb\":{\"@id\":\"https:\/\/iloveruralhealth.com\/today\/economic-development\/#breadcrumb\"},\"inLanguage\":\"es-MX\",\"potentialAction\":[{\"@type\":\"ReadAction\",\"target\":[\"https:\/\/iloveruralhealth.com\/today\/economic-development\/\"]}]},{\"@type\":\"ImageObject\",\"inLanguage\":\"es-MX\",\"@id\":\"https:\/\/iloveruralhealth.com\/today\/economic-development\/#primaryimage\",\"url\":\"https:\/\/iloveruralhealth.com\/wp-content\/uploads\/2020\/01\/healthcare-4.jpg\",\"contentUrl\":\"https:\/\/iloveruralhealth.com\/wp-content\/uploads\/2020\/01\/healthcare-4.jpg\",\"width\":1900,\"height\":1000},{\"@type\":\"BreadcrumbList\",\"@id\":\"https:\/\/iloveruralhealth.com\/today\/economic-development\/#breadcrumb\",\"itemListElement\":[{\"@type\":\"ListItem\",\"position\":1,\"name\":\"Home\",\"item\":\"https:\/\/iloveruralhealth.com\/\"},{\"@type\":\"ListItem\",\"position\":2,\"name\":\"Rural Health Today\",\"item\":\"https:\/\/iloveruralhealth.com\/today\/\"},{\"@type\":\"ListItem\",\"position\":3,\"name\":\"Rural Health and the Economy\"}]},{\"@type\":\"WebSite\",\"@id\":\"https:\/\/iloveruralhealth.com\/#website\",\"url\":\"https:\/\/iloveruralhealth.com\/\",\"name\":\"Nebraska Rural Health Campaign\",\"description\":\"\",\"publisher\":{\"@id\":\"https:\/\/iloveruralhealth.com\/#organization\"},\"potentialAction\":[{\"@type\":\"SearchAction\",\"target\":{\"@type\":\"EntryPoint\",\"urlTemplate\":\"https:\/\/iloveruralhealth.com\/?s={search_term_string}\"},\"query-input\":{\"@type\":\"PropertyValueSpecification\",\"valueRequired\":true,\"valueName\":\"search_term_string\"}}],\"inLanguage\":\"es-MX\"},{\"@type\":\"Organization\",\"@id\":\"https:\/\/iloveruralhealth.com\/#organization\",\"name\":\"Nebraska Rural Health Campaign\",\"url\":\"https:\/\/iloveruralhealth.com\/\",\"logo\":{\"@type\":\"ImageObject\",\"inLanguage\":\"es-MX\",\"@id\":\"https:\/\/iloveruralhealth.com\/#\/schema\/logo\/image\/\",\"url\":\"https:\/\/iloveruralhealth.com\/wp-content\/uploads\/2019\/10\/regular-logo.png\",\"contentUrl\":\"https:\/\/iloveruralhealth.com\/wp-content\/uploads\/2019\/10\/regular-logo.png\",\"width\":588,\"height\":332,\"caption\":\"Nebraska Rural Health Campaign\"},\"image\":{\"@id\":\"https:\/\/iloveruralhealth.com\/#\/schema\/logo\/image\/\"}}]}<\/script>\n<!-- \/ Yoast SEO plugin. -->","yoast_head_json":{"title":"Salud rural y econom\u00eda - Campa\u00f1a de salud rural de Nebraska","robots":{"index":"index","follow":"follow","max-snippet":"max-snippet:-1","max-image-preview":"max-image-preview:large","max-video-preview":"max-video-preview:-1"},"canonical":"https:\/\/iloveruralhealth.com\/es\/today\/economic-development\/","og_locale":"es_MX","og_type":"article","og_title":"Rural Health and the Economy - Nebraska Rural Health Campaign","og_description":"Rural Health Today Economic Development In rural communities, health care and the overall vitality of the community is intrinsically linked. A robust community supports and sustains quality health services for its residents by attracting highly trained and committed health care professionals. Communities with strong economies may be more likely to financially support their health care [&hellip;]","og_url":"https:\/\/iloveruralhealth.com\/es\/today\/economic-development\/","og_site_name":"Nebraska Rural Health Campaign","article_modified_time":"2022-09-29T21:26:02+00:00","og_image":[{"width":1900,"height":1000,"url":"https:\/\/iloveruralhealth.com\/wp-content\/uploads\/2020\/01\/healthcare-4.jpg","type":"image\/jpeg"}],"twitter_card":"summary_large_image","twitter_misc":{"Tiempo de lectura":"2 minutos"},"schema":{"@context":"https:\/\/schema.org","@graph":[{"@type":"WebPage","@id":"https:\/\/iloveruralhealth.com\/today\/economic-development\/","url":"https:\/\/iloveruralhealth.com\/today\/economic-development\/","name":"Salud rural y econom\u00eda - Campa\u00f1a de salud rural de Nebraska","isPartOf":{"@id":"https:\/\/iloveruralhealth.com\/#website"},"primaryImageOfPage":{"@id":"https:\/\/iloveruralhealth.com\/today\/economic-development\/#primaryimage"},"image":{"@id":"https:\/\/iloveruralhealth.com\/today\/economic-development\/#primaryimage"},"thumbnailUrl":"https:\/\/iloveruralhealth.com\/wp-content\/uploads\/2020\/01\/healthcare-4.jpg","datePublished":"2020-01-20T19:34:53+00:00","dateModified":"2022-09-29T21:26:02+00:00","breadcrumb":{"@id":"https:\/\/iloveruralhealth.com\/today\/economic-development\/#breadcrumb"},"inLanguage":"es-MX","potentialAction":[{"@type":"ReadAction","target":["https:\/\/iloveruralhealth.com\/today\/economic-development\/"]}]},{"@type":"ImageObject","inLanguage":"es-MX","@id":"https:\/\/iloveruralhealth.com\/today\/economic-development\/#primaryimage","url":"https:\/\/iloveruralhealth.com\/wp-content\/uploads\/2020\/01\/healthcare-4.jpg","contentUrl":"https:\/\/iloveruralhealth.com\/wp-content\/uploads\/2020\/01\/healthcare-4.jpg","width":1900,"height":1000},{"@type":"BreadcrumbList","@id":"https:\/\/iloveruralhealth.com\/today\/economic-development\/#breadcrumb","itemListElement":[{"@type":"ListItem","position":1,"name":"Home","item":"https:\/\/iloveruralhealth.com\/"},{"@type":"ListItem","position":2,"name":"Rural Health Today","item":"https:\/\/iloveruralhealth.com\/today\/"},{"@type":"ListItem","position":3,"name":"Rural Health and the Economy"}]},{"@type":"WebSite","@id":"https:\/\/iloveruralhealth.com\/#website","url":"https:\/\/iloveruralhealth.com\/","name":"Campa\u00f1a de salud rural de Nebraska","description":"","publisher":{"@id":"https:\/\/iloveruralhealth.com\/#organization"},"potentialAction":[{"@type":"SearchAction","target":{"@type":"EntryPoint","urlTemplate":"https:\/\/iloveruralhealth.com\/?s={search_term_string}"},"query-input":{"@type":"PropertyValueSpecification","valueRequired":true,"valueName":"search_term_string"}}],"inLanguage":"es-MX"},{"@type":"Organization","@id":"https:\/\/iloveruralhealth.com\/#organization","name":"Campa\u00f1a de salud rural de Nebraska","url":"https:\/\/iloveruralhealth.com\/","logo":{"@type":"ImageObject","inLanguage":"es-MX","@id":"https:\/\/iloveruralhealth.com\/#\/schema\/logo\/image\/","url":"https:\/\/iloveruralhealth.com\/wp-content\/uploads\/2019\/10\/regular-logo.png","contentUrl":"https:\/\/iloveruralhealth.com\/wp-content\/uploads\/2019\/10\/regular-logo.png","width":588,"height":332,"caption":"Nebraska Rural Health Campaign"},"image":{"@id":"https:\/\/iloveruralhealth.com\/#\/schema\/logo\/image\/"}}]}},"_links":{"self":[{"href":"https:\/\/iloveruralhealth.com\/es\/wp-json\/wp\/v2\/pages\/291","targetHints":{"allow":["GET"]}}],"collection":[{"href":"https:\/\/iloveruralhealth.com\/es\/wp-json\/wp\/v2\/pages"}],"about":[{"href":"https:\/\/iloveruralhealth.com\/es\/wp-json\/wp\/v2\/types\/page"}],"author":[{"embeddable":true,"href":"https:\/\/iloveruralhealth.com\/es\/wp-json\/wp\/v2\/users\/1"}],"replies":[{"embeddable":true,"href":"https:\/\/iloveruralhealth.com\/es\/wp-json\/wp\/v2\/comments?post=291"}],"version-history":[{"count":0,"href":"https:\/\/iloveruralhealth.com\/es\/wp-json\/wp\/v2\/pages\/291\/revisions"}],"up":[{"embeddable":true,"href":"https:\/\/iloveruralhealth.com\/es\/wp-json\/wp\/v2\/pages\/164"}],"wp:featuredmedia":[{"embeddable":true,"href":"https:\/\/iloveruralhealth.com\/es\/wp-json\/wp\/v2\/media\/385"}],"wp:attachment":[{"href":"https:\/\/iloveruralhealth.com\/es\/wp-json\/wp\/v2\/media?parent=291"}],"curies":[{"name":"gracias","href":"https:\/\/api.w.org\/{rel}","templated":true}]}}